{"id":917,"date":"2020-02-25T17:37:08","date_gmt":"2020-02-25T14:37:08","guid":{"rendered":"http:\/\/www.klcbilgisayar.com\/vurgun1\/?post_type=product&#038;p=917"},"modified":"2020-03-06T20:48:35","modified_gmt":"2020-03-06T17:48:35","slug":"n6065-765-mm-plastik-torba-pirinc-tabanca-harbisi","status":"publish","type":"product","link":"http:\/\/www.klcbilgisayar.com\/vurgun1\/urun\/n6065-765-mm-plastik-torba-pirinc-tabanca-harbisi","title":{"rendered":"N6065 &#8211; 7,65 mm Plastik Torba Pirin\u00e7 Tabanca Harbisi"},"content":{"rendered":"","protected":false},"excerpt":{"rendered":"<h3><strong>Teknik \u00d6zellikler<\/strong><\/h3>\n<hr \/>\n<p>1 Adet Pirin\u00e7 \u00c7ubuk 5 mm<\/p>\n<hr \/>\n<p>3 F\u0131r\u00e7a<\/p>\n<hr \/>\n<p>Plastik Temizleme Yard\u0131mc\u0131s\u0131<\/p>\n<hr \/>\n<p>7,65-9-45 Cal &#8211; 22 Cal<\/p>\n<hr \/>\n<p>&nbsp;<\/p>\n","protected":false},"featured_media":918,"template":"","meta":[],"product_brand":[],"product_cat":[25,22,20],"product_tag":[],"class_list":{"0":"post-917","1":"product","2":"type-product","3":"status-publish","4":"has-post-thumbnail","6":"product_cat-harbi-setleri","7":"product_cat-tabanca-harbi-setleri","8":"product_cat-urunler","10":"first","11":"instock","12":"shipping-taxable","13":"product-type-simple"},"_links":{"self":[{"href":"http:\/\/www.klcbilgisayar.com\/vurgun1\/wp-json\/wp\/v2\/product\/917","targetHints":{"allow":["GET"]}}],"collection":[{"href":"http:\/\/www.klcbilgisayar.com\/vurgun1\/wp-json\/wp\/v2\/product"}],"about":[{"href":"http:\/\/www.klcbilgisayar.com\/vurgun1\/wp-json\/wp\/v2\/types\/product"}],"wp:featuredmedia":[{"embeddable":true,"href":"http:\/\/www.klcbilgisayar.com\/vurgun1\/wp-json\/wp\/v2\/media\/918"}],"wp:attachment":[{"href":"http:\/\/www.klcbilgisayar.com\/vurgun1\/wp-json\/wp\/v2\/media?parent=917"}],"wp:term":[{"taxonomy":"product_brand","embeddable":true,"href":"http:\/\/www.klcbilgisayar.com\/vurgun1\/wp-json\/wp\/v2\/product_brand?post=917"},{"taxonomy":"product_cat","embeddable":true,"href":"http:\/\/www.klcbilgisayar.com\/vurgun1\/wp-json\/wp\/v2\/product_cat?post=917"},{"taxonomy":"product_tag","embeddable":true,"href":"http:\/\/www.klcbilgisayar.com\/vurgun1\/wp-json\/wp\/v2\/product_tag?post=917"}],"curies":[{"name":"wp","href":"https:\/\/api.w.org\/{rel}","templated":true}]}}