{"id":907,"date":"2020-02-25T16:58:48","date_gmt":"2020-02-25T13:58:48","guid":{"rendered":"http:\/\/www.klcbilgisayar.com\/vurgun1\/?post_type=product&#038;p=907"},"modified":"2020-03-06T19:37:22","modified_gmt":"2020-03-06T16:37:22","slug":"a2045-45-mm-plastik-kutu-pirinc-havali-tufek-harbisi","status":"publish","type":"product","link":"http:\/\/www.klcbilgisayar.com\/vurgun1\/urun\/a2045-45-mm-plastik-kutu-pirinc-havali-tufek-harbisi","title":{"rendered":"A2045 &#8211; 4,5 mm Plastik Kutu Pirin\u00e7 Haval\u0131 T\u00fcfek Harbisi"},"content":{"rendered":"","protected":false},"excerpt":{"rendered":"<h3><strong>Teknik \u00d6zellikler<\/strong><\/h3>\n<hr \/>\n<p>3 Adet Pirin\u00e7 \u00c7ubuk 4 mm<\/p>\n<hr \/>\n<p>2 F\u0131r\u00e7a<\/p>\n<hr \/>\n<p>20 ml Ya\u011f<\/p>\n<hr \/>\n<p>4,5-5,5<\/p>\n<hr \/>\n<p>&nbsp;<\/p>\n","protected":false},"featured_media":908,"template":"","meta":[],"product_brand":[],"product_cat":[25,23,20],"product_tag":[],"class_list":{"0":"post-907","1":"product","2":"type-product","3":"status-publish","4":"has-post-thumbnail","6":"product_cat-harbi-setleri","7":"product_cat-havali-tufek-harbi-setleri","8":"product_cat-urunler","10":"first","11":"instock","12":"shipping-taxable","13":"product-type-simple"},"_links":{"self":[{"href":"http:\/\/www.klcbilgisayar.com\/vurgun1\/wp-json\/wp\/v2\/product\/907","targetHints":{"allow":["GET"]}}],"collection":[{"href":"http:\/\/www.klcbilgisayar.com\/vurgun1\/wp-json\/wp\/v2\/product"}],"about":[{"href":"http:\/\/www.klcbilgisayar.com\/vurgun1\/wp-json\/wp\/v2\/types\/product"}],"wp:featuredmedia":[{"embeddable":true,"href":"http:\/\/www.klcbilgisayar.com\/vurgun1\/wp-json\/wp\/v2\/media\/908"}],"wp:attachment":[{"href":"http:\/\/www.klcbilgisayar.com\/vurgun1\/wp-json\/wp\/v2\/media?parent=907"}],"wp:term":[{"taxonomy":"product_brand","embeddable":true,"href":"http:\/\/www.klcbilgisayar.com\/vurgun1\/wp-json\/wp\/v2\/product_brand?post=907"},{"taxonomy":"product_cat","embeddable":true,"href":"http:\/\/www.klcbilgisayar.com\/vurgun1\/wp-json\/wp\/v2\/product_cat?post=907"},{"taxonomy":"product_tag","embeddable":true,"href":"http:\/\/www.klcbilgisayar.com\/vurgun1\/wp-json\/wp\/v2\/product_tag?post=907"}],"curies":[{"name":"wp","href":"https:\/\/api.w.org\/{rel}","templated":true}]}}