{"id":893,"date":"2020-02-24T20:31:55","date_gmt":"2020-02-24T17:31:55","guid":{"rendered":"http:\/\/www.klcbilgisayar.com\/vurgun1\/?post_type=product&#038;p=893"},"modified":"2020-03-06T19:33:29","modified_gmt":"2020-03-06T16:33:29","slug":"k2056-556mm-plastik-kutu-pirinc-yivli-harbi","status":"publish","type":"product","link":"http:\/\/www.klcbilgisayar.com\/vurgun1\/urun\/k2056-556mm-plastik-kutu-pirinc-yivli-harbi","title":{"rendered":"K2056 &#8211; 5,56mm Plastik Kutu Pirin\u00e7 Yivli Harbi"},"content":{"rendered":"","protected":false},"excerpt":{"rendered":"<h3><strong>Teknik \u00d6zellikler<\/strong><\/h3>\n<hr \/>\n<p>3 Adet Pirin\u00e7 Temizleme \u00c7ubu\u011fu 5 mm<\/p>\n<hr \/>\n<p>3 F\u0131r\u00e7a<\/p>\n<hr \/>\n<p>20 ml Ya\u011f<\/p>\n<hr \/>\n<p>Pirin\u00e7 Temizleme Yard\u0131mc\u0131s\u0131<\/p>\n<hr \/>\n<p>5,56-7,62<\/p>\n<hr \/>\n<p>&nbsp;<\/p>\n","protected":false},"featured_media":894,"template":"","meta":[],"product_brand":[],"product_cat":[25,20,21],"product_tag":[],"class_list":{"0":"post-893","1":"product","2":"type-product","3":"status-publish","4":"has-post-thumbnail","6":"product_cat-harbi-setleri","7":"product_cat-urunler","8":"product_cat-yivli-tufek-bakim-setleri","10":"first","11":"instock","12":"shipping-taxable","13":"product-type-simple"},"_links":{"self":[{"href":"http:\/\/www.klcbilgisayar.com\/vurgun1\/wp-json\/wp\/v2\/product\/893","targetHints":{"allow":["GET"]}}],"collection":[{"href":"http:\/\/www.klcbilgisayar.com\/vurgun1\/wp-json\/wp\/v2\/product"}],"about":[{"href":"http:\/\/www.klcbilgisayar.com\/vurgun1\/wp-json\/wp\/v2\/types\/product"}],"wp:featuredmedia":[{"embeddable":true,"href":"http:\/\/www.klcbilgisayar.com\/vurgun1\/wp-json\/wp\/v2\/media\/894"}],"wp:attachment":[{"href":"http:\/\/www.klcbilgisayar.com\/vurgun1\/wp-json\/wp\/v2\/media?parent=893"}],"wp:term":[{"taxonomy":"product_brand","embeddable":true,"href":"http:\/\/www.klcbilgisayar.com\/vurgun1\/wp-json\/wp\/v2\/product_brand?post=893"},{"taxonomy":"product_cat","embeddable":true,"href":"http:\/\/www.klcbilgisayar.com\/vurgun1\/wp-json\/wp\/v2\/product_cat?post=893"},{"taxonomy":"product_tag","embeddable":true,"href":"http:\/\/www.klcbilgisayar.com\/vurgun1\/wp-json\/wp\/v2\/product_tag?post=893"}],"curies":[{"name":"wp","href":"https:\/\/api.w.org\/{rel}","templated":true}]}}