{"id":874,"date":"2020-02-24T19:52:27","date_gmt":"2020-02-24T16:52:27","guid":{"rendered":"http:\/\/www.klcbilgisayar.com\/vurgun1\/?post_type=product&#038;p=874"},"modified":"2020-03-06T19:35:11","modified_gmt":"2020-03-06T16:35:11","slug":"t2012-12ga-plastik-kutu-plastik-harbi","status":"publish","type":"product","link":"http:\/\/www.klcbilgisayar.com\/vurgun1\/urun\/t2012-12ga-plastik-kutu-plastik-harbi","title":{"rendered":"T2012 &#8211; 12ga Plastik Kutu Plastik Harbi"},"content":{"rendered":"","protected":false},"excerpt":{"rendered":"<h3><strong>Teknik \u00d6zellikleri<\/strong><\/h3>\n<hr \/>\n<p>3 Adet Plastik \u00c7ubuk<\/p>\n<hr \/>\n<p>3 F\u0131r\u00e7a<\/p>\n<hr \/>\n<p>Plastik Temizleme Yard\u0131mc\u0131s\u0131<\/p>\n<hr \/>\n<p>12-16-20<\/p>\n<hr \/>\n<p>&nbsp;<\/p>\n","protected":false},"featured_media":875,"template":"","meta":[],"product_brand":[],"product_cat":[24,25,20],"product_tag":[],"class_list":{"0":"post-874","1":"product","2":"type-product","3":"status-publish","4":"has-post-thumbnail","6":"product_cat-av-tufegi-bakim-setleri","7":"product_cat-harbi-setleri","8":"product_cat-urunler","10":"first","11":"instock","12":"shipping-taxable","13":"product-type-simple"},"_links":{"self":[{"href":"http:\/\/www.klcbilgisayar.com\/vurgun1\/wp-json\/wp\/v2\/product\/874","targetHints":{"allow":["GET"]}}],"collection":[{"href":"http:\/\/www.klcbilgisayar.com\/vurgun1\/wp-json\/wp\/v2\/product"}],"about":[{"href":"http:\/\/www.klcbilgisayar.com\/vurgun1\/wp-json\/wp\/v2\/types\/product"}],"wp:featuredmedia":[{"embeddable":true,"href":"http:\/\/www.klcbilgisayar.com\/vurgun1\/wp-json\/wp\/v2\/media\/875"}],"wp:attachment":[{"href":"http:\/\/www.klcbilgisayar.com\/vurgun1\/wp-json\/wp\/v2\/media?parent=874"}],"wp:term":[{"taxonomy":"product_brand","embeddable":true,"href":"http:\/\/www.klcbilgisayar.com\/vurgun1\/wp-json\/wp\/v2\/product_brand?post=874"},{"taxonomy":"product_cat","embeddable":true,"href":"http:\/\/www.klcbilgisayar.com\/vurgun1\/wp-json\/wp\/v2\/product_cat?post=874"},{"taxonomy":"product_tag","embeddable":true,"href":"http:\/\/www.klcbilgisayar.com\/vurgun1\/wp-json\/wp\/v2\/product_tag?post=874"}],"curies":[{"name":"wp","href":"https:\/\/api.w.org\/{rel}","templated":true}]}}