{"id":866,"date":"2020-02-24T19:25:10","date_gmt":"2020-02-24T16:25:10","guid":{"rendered":"http:\/\/www.klcbilgisayar.com\/vurgun1\/?post_type=product&#038;p=866"},"modified":"2020-03-06T20:06:26","modified_gmt":"2020-03-06T17:06:26","slug":"r1012-12ga-vakum-karton-kutu-plastik-kapli-celik-harbi","status":"publish","type":"product","link":"http:\/\/www.klcbilgisayar.com\/vurgun1\/urun\/r1012-12ga-vakum-karton-kutu-plastik-kapli-celik-harbi","title":{"rendered":"R1012 -12ga Vakum Karton Kutu Plastik Kapl\u0131 \u00c7elik Harbi"},"content":{"rendered":"","protected":false},"excerpt":{"rendered":"<h3><strong>Teknik \u00d6zellikleri<\/strong><\/h3>\n<hr \/>\n<p>3 Adet Pvc Kapl\u0131 \u00c7elik \u00c7ubuk 7 mm<\/p>\n<hr \/>\n<p>4 F\u0131r\u00e7a<\/p>\n<hr \/>\n<p>Plastik Temizleme Yard\u0131mc\u0131s\u0131<\/p>\n<hr \/>\n<p>60 ml Ya\u011f<\/p>\n<hr \/>\n<p>12-16-20-28-36<\/p>\n<hr \/>\n<p>&nbsp;<\/p>\n","protected":false},"featured_media":867,"template":"","meta":[],"product_brand":[],"product_cat":[24,25,20],"product_tag":[],"class_list":{"0":"post-866","1":"product","2":"type-product","3":"status-publish","4":"has-post-thumbnail","6":"product_cat-av-tufegi-bakim-setleri","7":"product_cat-harbi-setleri","8":"product_cat-urunler","10":"first","11":"instock","12":"shipping-taxable","13":"product-type-simple"},"_links":{"self":[{"href":"http:\/\/www.klcbilgisayar.com\/vurgun1\/wp-json\/wp\/v2\/product\/866","targetHints":{"allow":["GET"]}}],"collection":[{"href":"http:\/\/www.klcbilgisayar.com\/vurgun1\/wp-json\/wp\/v2\/product"}],"about":[{"href":"http:\/\/www.klcbilgisayar.com\/vurgun1\/wp-json\/wp\/v2\/types\/product"}],"wp:featuredmedia":[{"embeddable":true,"href":"http:\/\/www.klcbilgisayar.com\/vurgun1\/wp-json\/wp\/v2\/media\/867"}],"wp:attachment":[{"href":"http:\/\/www.klcbilgisayar.com\/vurgun1\/wp-json\/wp\/v2\/media?parent=866"}],"wp:term":[{"taxonomy":"product_brand","embeddable":true,"href":"http:\/\/www.klcbilgisayar.com\/vurgun1\/wp-json\/wp\/v2\/product_brand?post=866"},{"taxonomy":"product_cat","embeddable":true,"href":"http:\/\/www.klcbilgisayar.com\/vurgun1\/wp-json\/wp\/v2\/product_cat?post=866"},{"taxonomy":"product_tag","embeddable":true,"href":"http:\/\/www.klcbilgisayar.com\/vurgun1\/wp-json\/wp\/v2\/product_tag?post=866"}],"curies":[{"name":"wp","href":"https:\/\/api.w.org\/{rel}","templated":true}]}}