{"id":738,"date":"2019-12-01T17:03:38","date_gmt":"2019-12-01T14:03:38","guid":{"rendered":"http:\/\/www.klcbilgisayar.com\/vurgun1\/?post_type=product&#038;p=738"},"modified":"2020-03-06T19:19:39","modified_gmt":"2020-03-06T16:19:39","slug":"3050-3051b-cift-kilitli-zincirli-ve-ayak-model","status":"publish","type":"product","link":"http:\/\/www.klcbilgisayar.com\/vurgun1\/urun\/3050-3051b-cift-kilitli-zincirli-ve-ayak-model","title":{"rendered":"3050-3051B \u00c7\u0130FT K\u0130L\u0130TL\u0130  Z\u0130NC\u0130RL\u0130 ve AYAK MODEL"},"content":{"rendered":"","protected":false},"excerpt":{"rendered":"\n<table id=\"tablepress-7\" class=\"tablepress tablepress-id-7\">\n<tbody class=\"row-striping\">\n<tr class=\"row-1\">\n\t<td class=\"column-1\">3050-3051B \u00c7\u0130FT K\u0130L\u0130TL\u0130  Z\u0130NC\u0130RL\u0130 ve AYAK MODEL<\/td><td class=\"column-2\"><\/td>\n<\/tr>\n<tr class=\"row-2\">\n\t<td class=\"column-1\">T\u00dcR\u00dc<\/td><td class=\"column-2\">: Z\u0130NC\u0130RL\u0130<\/td>\n<\/tr>\n<tr class=\"row-3\">\n\t<td class=\"column-1\">MEKAN\u0130ZMA<\/td><td class=\"column-2\">: \u00c7\u0130FT K\u0130L\u0130TL\u0130 <\/td>\n<\/tr>\n<tr class=\"row-4\">\n\t<td class=\"column-1\">YAPISI<\/td><td class=\"column-2\">: PER\u00c7\u0130NL\u0130 <\/td>\n<\/tr>\n<tr class=\"row-5\">\n\t<td class=\"column-1\">ANAHTAR<\/td><td class=\"column-2\">: STANDART <\/td>\n<\/tr>\n<tr class=\"row-6\">\n\t<td class=\"column-1\">MALZEME<\/td><td class=\"column-2\">: 6112 \u00c7EL\u0130K<\/td>\n<\/tr>\n<tr class=\"row-7\">\n\t<td class=\"column-1\">A\u011eIRLIK<\/td><td class=\"column-2\">: 976 GR<\/td>\n<\/tr>\n<tr class=\"row-8\">\n\t<td class=\"column-1\">UZUNLUK<\/td><td class=\"column-2\">: 1190 MM <\/td>\n<\/tr>\n<tr class=\"row-9\">\n\t<td class=\"column-1\">K\u0130L\u0130TLENME POZ\u0130SYONU<\/td><td class=\"column-2\">: 18 <\/td>\n<\/tr>\n<tr class=\"row-10\">\n\t<td class=\"column-1\">KAPLAMA<\/td><td class=\"column-2\">: N\u0130KEL \u2013 S\u0130YAH OKS\u0130T<\/td>\n<\/tr>\n<tr class=\"row-11\">\n\t<td class=\"column-1\"><\/td><td class=\"column-2\"><\/td>\n<\/tr>\n<tr class=\"row-12\">\n\t<td class=\"column-1\"><\/td><td class=\"column-2\"><\/td>\n<\/tr>\n<\/tbody>\n<\/table>\n<!-- #tablepress-7 from cache -->\n","protected":false},"featured_media":741,"template":"","meta":[],"product_brand":[],"product_cat":[19,20],"product_tag":[],"class_list":{"0":"post-738","1":"product","2":"type-product","3":"status-publish","4":"has-post-thumbnail","6":"product_cat-kelepceler","7":"product_cat-urunler","9":"first","10":"instock","11":"shipping-taxable","12":"product-type-simple"},"_links":{"self":[{"href":"http:\/\/www.klcbilgisayar.com\/vurgun1\/wp-json\/wp\/v2\/product\/738","targetHints":{"allow":["GET"]}}],"collection":[{"href":"http:\/\/www.klcbilgisayar.com\/vurgun1\/wp-json\/wp\/v2\/product"}],"about":[{"href":"http:\/\/www.klcbilgisayar.com\/vurgun1\/wp-json\/wp\/v2\/types\/product"}],"wp:featuredmedia":[{"embeddable":true,"href":"http:\/\/www.klcbilgisayar.com\/vurgun1\/wp-json\/wp\/v2\/media\/741"}],"wp:attachment":[{"href":"http:\/\/www.klcbilgisayar.com\/vurgun1\/wp-json\/wp\/v2\/media?parent=738"}],"wp:term":[{"taxonomy":"product_brand","embeddable":true,"href":"http:\/\/www.klcbilgisayar.com\/vurgun1\/wp-json\/wp\/v2\/product_brand?post=738"},{"taxonomy":"product_cat","embeddable":true,"href":"http:\/\/www.klcbilgisayar.com\/vurgun1\/wp-json\/wp\/v2\/product_cat?post=738"},{"taxonomy":"product_tag","embeddable":true,"href":"http:\/\/www.klcbilgisayar.com\/vurgun1\/wp-json\/wp\/v2\/product_tag?post=738"}],"curies":[{"name":"wp","href":"https:\/\/api.w.org\/{rel}","templated":true}]}}