{"id":565,"date":"2019-11-29T18:58:54","date_gmt":"2019-11-29T15:58:54","guid":{"rendered":"http:\/\/www.klcbilgisayar.com\/vurgun1\/?post_type=product&#038;p=565"},"modified":"2020-03-06T19:20:21","modified_gmt":"2020-03-06T16:20:21","slug":"3020-3021b-cift-kilitli-zincirli-model","status":"publish","type":"product","link":"http:\/\/www.klcbilgisayar.com\/vurgun1\/urun\/3020-3021b-cift-kilitli-zincirli-model","title":{"rendered":"3020-3021B \u00c7\u0130FT K\u0130L\u0130TL\u0130 Z\u0130NC\u0130RL\u0130 MODEL"},"content":{"rendered":"<p>&nbsp;<\/p>\n<p>&nbsp;<\/p>\n","protected":false},"excerpt":{"rendered":"\n<table id=\"tablepress-4\" class=\"tablepress tablepress-id-4\">\n<tbody class=\"row-striping\">\n<tr class=\"row-1\">\n\t<td class=\"column-1\">3020-3021B \u00c7\u0130FT K\u0130L\u0130TL\u0130 Z\u0130NC\u0130RL\u0130 MODEL<\/td><td class=\"column-2\"><\/td>\n<\/tr>\n<tr class=\"row-2\">\n\t<td class=\"column-1\">T\u00dcR\u00dc<\/td><td class=\"column-2\">Z\u0130NC\u0130RL\u0130<\/td>\n<\/tr>\n<tr class=\"row-3\">\n\t<td class=\"column-1\">MEKAN\u0130ZMA<\/td><td class=\"column-2\">\u00c7\u0130FT K\u0130L\u0130TL\u0130 <\/td>\n<\/tr>\n<tr class=\"row-4\">\n\t<td class=\"column-1\">YAPISI<\/td><td class=\"column-2\">PER\u00c7\u0130NL\u0130 <\/td>\n<\/tr>\n<tr class=\"row-5\">\n\t<td class=\"column-1\">ANAHTAR<\/td><td class=\"column-2\">STANDART <\/td>\n<\/tr>\n<tr class=\"row-6\">\n\t<td class=\"column-1\">MALZEME<\/td><td class=\"column-2\">6112 \u00c7EL\u0130K<\/td>\n<\/tr>\n<tr class=\"row-7\">\n\t<td class=\"column-1\">A\u011eIRLIK<\/td><td class=\"column-2\">266 GR<\/td>\n<\/tr>\n<tr class=\"row-8\">\n\t<td class=\"column-1\">UZUNLUK<\/td><td class=\"column-2\">223 MM <\/td>\n<\/tr>\n<tr class=\"row-9\">\n\t<td class=\"column-1\">M\u0130N\u0130MUM A\u00c7ILI\u015e<\/td><td class=\"column-2\">50 MM <\/td>\n<\/tr>\n<tr class=\"row-10\">\n\t<td class=\"column-1\">M\u0130N\u0130MUM \u0130\u00c7 \u00c7EVRE<\/td><td class=\"column-2\">150 MM<\/td>\n<\/tr>\n<tr class=\"row-11\">\n\t<td class=\"column-1\">MAX\u0130MUM \u0130\u00c7 \u00c7EVRE<\/td><td class=\"column-2\">210 MM <\/td>\n<\/tr>\n<tr class=\"row-12\">\n\t<td class=\"column-1\">K\u0130L\u0130TLENME POZ\u0130SYONU<\/td><td class=\"column-2\">16<\/td>\n<\/tr>\n<tr class=\"row-13\">\n\t<td class=\"column-1\">KAPLAMA<\/td><td class=\"column-2\">N\u0130KEL \u2013 S\u0130YAH OKS\u0130T<\/td>\n<\/tr>\n<\/tbody>\n<\/table>\n<!-- #tablepress-4 from cache -->\n","protected":false},"featured_media":726,"template":"","meta":[],"product_brand":[],"product_cat":[19,20],"product_tag":[],"class_list":{"0":"post-565","1":"product","2":"type-product","3":"status-publish","4":"has-post-thumbnail","6":"product_cat-kelepceler","7":"product_cat-urunler","9":"first","10":"instock","11":"shipping-taxable","12":"product-type-simple"},"_links":{"self":[{"href":"http:\/\/www.klcbilgisayar.com\/vurgun1\/wp-json\/wp\/v2\/product\/565","targetHints":{"allow":["GET"]}}],"collection":[{"href":"http:\/\/www.klcbilgisayar.com\/vurgun1\/wp-json\/wp\/v2\/product"}],"about":[{"href":"http:\/\/www.klcbilgisayar.com\/vurgun1\/wp-json\/wp\/v2\/types\/product"}],"wp:featuredmedia":[{"embeddable":true,"href":"http:\/\/www.klcbilgisayar.com\/vurgun1\/wp-json\/wp\/v2\/media\/726"}],"wp:attachment":[{"href":"http:\/\/www.klcbilgisayar.com\/vurgun1\/wp-json\/wp\/v2\/media?parent=565"}],"wp:term":[{"taxonomy":"product_brand","embeddable":true,"href":"http:\/\/www.klcbilgisayar.com\/vurgun1\/wp-json\/wp\/v2\/product_brand?post=565"},{"taxonomy":"product_cat","embeddable":true,"href":"http:\/\/www.klcbilgisayar.com\/vurgun1\/wp-json\/wp\/v2\/product_cat?post=565"},{"taxonomy":"product_tag","embeddable":true,"href":"http:\/\/www.klcbilgisayar.com\/vurgun1\/wp-json\/wp\/v2\/product_tag?post=565"}],"curies":[{"name":"wp","href":"https:\/\/api.w.org\/{rel}","templated":true}]}}