{"id":1172,"date":"2020-02-29T13:05:19","date_gmt":"2020-02-29T10:05:19","guid":{"rendered":"http:\/\/www.klcbilgisayar.com\/vurgun1\/?post_type=product&#038;p=1172"},"modified":"2020-02-29T13:09:27","modified_gmt":"2020-02-29T10:09:27","slug":"br18-naylon-firca-tufek-icin","status":"publish","type":"product","link":"http:\/\/www.klcbilgisayar.com\/vurgun1\/urun\/br18-naylon-firca-tufek-icin","title":{"rendered":"BR18 &#8211; Naylon F\u0131r\u00e7a T\u00fcfek \u0130\u00e7in"},"content":{"rendered":"","protected":false},"excerpt":{"rendered":"","protected":false},"featured_media":1173,"template":"","meta":[],"product_brand":[],"product_cat":[28,20],"product_tag":[],"class_list":{"0":"post-1172","1":"product","2":"type-product","3":"status-publish","4":"has-post-thumbnail","6":"product_cat-fircalar","7":"product_cat-urunler","9":"first","10":"instock","11":"shipping-taxable","12":"product-type-simple"},"_links":{"self":[{"href":"http:\/\/www.klcbilgisayar.com\/vurgun1\/wp-json\/wp\/v2\/product\/1172","targetHints":{"allow":["GET"]}}],"collection":[{"href":"http:\/\/www.klcbilgisayar.com\/vurgun1\/wp-json\/wp\/v2\/product"}],"about":[{"href":"http:\/\/www.klcbilgisayar.com\/vurgun1\/wp-json\/wp\/v2\/types\/product"}],"wp:featuredmedia":[{"embeddable":true,"href":"http:\/\/www.klcbilgisayar.com\/vurgun1\/wp-json\/wp\/v2\/media\/1173"}],"wp:attachment":[{"href":"http:\/\/www.klcbilgisayar.com\/vurgun1\/wp-json\/wp\/v2\/media?parent=1172"}],"wp:term":[{"taxonomy":"product_brand","embeddable":true,"href":"http:\/\/www.klcbilgisayar.com\/vurgun1\/wp-json\/wp\/v2\/product_brand?post=1172"},{"taxonomy":"product_cat","embeddable":true,"href":"http:\/\/www.klcbilgisayar.com\/vurgun1\/wp-json\/wp\/v2\/product_cat?post=1172"},{"taxonomy":"product_tag","embeddable":true,"href":"http:\/\/www.klcbilgisayar.com\/vurgun1\/wp-json\/wp\/v2\/product_tag?post=1172"}],"curies":[{"name":"wp","href":"https:\/\/api.w.org\/{rel}","templated":true}]}}