{"id":1164,"date":"2020-02-29T12:52:33","date_gmt":"2020-02-29T09:52:33","guid":{"rendered":"http:\/\/www.klcbilgisayar.com\/vurgun1\/?post_type=product&#038;p=1164"},"modified":"2020-02-29T12:53:42","modified_gmt":"2020-02-29T09:53:42","slug":"br14-pirinc-firca-yivli-tufek-ve-tabanca-icin-erkek-uc","status":"publish","type":"product","link":"http:\/\/www.klcbilgisayar.com\/vurgun1\/urun\/br14-pirinc-firca-yivli-tufek-ve-tabanca-icin-erkek-uc","title":{"rendered":"BR14 &#8211; Pirin\u00e7 F\u0131r\u00e7a Yivli T\u00fcfek ve Tabanca \u0130\u00e7in Erkek U\u00e7"},"content":{"rendered":"","protected":false},"excerpt":{"rendered":"","protected":false},"featured_media":1165,"template":"","meta":[],"product_brand":[],"product_cat":[28,20],"product_tag":[],"class_list":{"0":"post-1164","1":"product","2":"type-product","3":"status-publish","4":"has-post-thumbnail","6":"product_cat-fircalar","7":"product_cat-urunler","9":"first","10":"instock","11":"shipping-taxable","12":"product-type-simple"},"_links":{"self":[{"href":"http:\/\/www.klcbilgisayar.com\/vurgun1\/wp-json\/wp\/v2\/product\/1164","targetHints":{"allow":["GET"]}}],"collection":[{"href":"http:\/\/www.klcbilgisayar.com\/vurgun1\/wp-json\/wp\/v2\/product"}],"about":[{"href":"http:\/\/www.klcbilgisayar.com\/vurgun1\/wp-json\/wp\/v2\/types\/product"}],"wp:featuredmedia":[{"embeddable":true,"href":"http:\/\/www.klcbilgisayar.com\/vurgun1\/wp-json\/wp\/v2\/media\/1165"}],"wp:attachment":[{"href":"http:\/\/www.klcbilgisayar.com\/vurgun1\/wp-json\/wp\/v2\/media?parent=1164"}],"wp:term":[{"taxonomy":"product_brand","embeddable":true,"href":"http:\/\/www.klcbilgisayar.com\/vurgun1\/wp-json\/wp\/v2\/product_brand?post=1164"},{"taxonomy":"product_cat","embeddable":true,"href":"http:\/\/www.klcbilgisayar.com\/vurgun1\/wp-json\/wp\/v2\/product_cat?post=1164"},{"taxonomy":"product_tag","embeddable":true,"href":"http:\/\/www.klcbilgisayar.com\/vurgun1\/wp-json\/wp\/v2\/product_tag?post=1164"}],"curies":[{"name":"wp","href":"https:\/\/api.w.org\/{rel}","templated":true}]}}