{"id":1159,"date":"2020-02-29T12:45:12","date_gmt":"2020-02-29T09:45:12","guid":{"rendered":"http:\/\/www.klcbilgisayar.com\/vurgun1\/?post_type=product&#038;p=1159"},"modified":"2020-02-29T12:47:33","modified_gmt":"2020-02-29T09:47:33","slug":"n40-pirinc-cubuk-1-adet-05-mm-tabanca-icin","status":"publish","type":"product","link":"http:\/\/www.klcbilgisayar.com\/vurgun1\/urun\/n40-pirinc-cubuk-1-adet-05-mm-tabanca-icin","title":{"rendered":"N40 &#8211; Pirin\u00e7 \u00c7ubuk 1 Adet 05 mm Tabanca \u0130\u00e7in"},"content":{"rendered":"","protected":false},"excerpt":{"rendered":"","protected":false},"featured_media":1160,"template":"","meta":[],"product_brand":[],"product_cat":[27,20],"product_tag":[],"class_list":{"0":"post-1159","1":"product","2":"type-product","3":"status-publish","4":"has-post-thumbnail","6":"product_cat-cubuklar","7":"product_cat-urunler","9":"first","10":"instock","11":"shipping-taxable","12":"product-type-simple"},"_links":{"self":[{"href":"http:\/\/www.klcbilgisayar.com\/vurgun1\/wp-json\/wp\/v2\/product\/1159","targetHints":{"allow":["GET"]}}],"collection":[{"href":"http:\/\/www.klcbilgisayar.com\/vurgun1\/wp-json\/wp\/v2\/product"}],"about":[{"href":"http:\/\/www.klcbilgisayar.com\/vurgun1\/wp-json\/wp\/v2\/types\/product"}],"wp:featuredmedia":[{"embeddable":true,"href":"http:\/\/www.klcbilgisayar.com\/vurgun1\/wp-json\/wp\/v2\/media\/1160"}],"wp:attachment":[{"href":"http:\/\/www.klcbilgisayar.com\/vurgun1\/wp-json\/wp\/v2\/media?parent=1159"}],"wp:term":[{"taxonomy":"product_brand","embeddable":true,"href":"http:\/\/www.klcbilgisayar.com\/vurgun1\/wp-json\/wp\/v2\/product_brand?post=1159"},{"taxonomy":"product_cat","embeddable":true,"href":"http:\/\/www.klcbilgisayar.com\/vurgun1\/wp-json\/wp\/v2\/product_cat?post=1159"},{"taxonomy":"product_tag","embeddable":true,"href":"http:\/\/www.klcbilgisayar.com\/vurgun1\/wp-json\/wp\/v2\/product_tag?post=1159"}],"curies":[{"name":"wp","href":"https:\/\/api.w.org\/{rel}","templated":true}]}}